{"id":96,"date":"2018-06-18T06:57:57","date_gmt":"2018-06-18T06:57:57","guid":{"rendered":"https:\/\/arsaimports.com\/about\/"},"modified":"2023-05-05T15:59:14","modified_gmt":"2023-05-05T21:59:14","slug":"nosotros","status":"publish","type":"page","link":"https:\/\/arsaimports.com\/en\/nosotros\/","title":{"rendered":"Us"},"content":{"rendered":"<div data-elementor-type=\"wp-post\" data-elementor-id=\"96\" class=\"elementor elementor-96\" data-elementor-post-type=\"page\">\n\t\t\t\t\t\t<section class=\"elementor-section elementor-top-section elementor-element elementor-element-7af1913 elementor-section-content-middle elementor-section-height-min-height elementor-section-boxed elementor-section-height-default elementor-section-items-middle\" data-id=\"7af1913\" data-element_type=\"section\" data-e-type=\"section\" data-settings=\"{&quot;background_background&quot;:&quot;classic&quot;}\">\n\t\t\t\t\t\t\t<div class=\"elementor-background-overlay\"><\/div>\n\t\t\t\t\t\t\t<div class=\"elementor-container elementor-column-gap-default\">\n\t\t\t\t\t<div class=\"elementor-column elementor-col-100 elementor-top-column elementor-element elementor-element-6ed6cac\" data-id=\"6ed6cac\" data-element_type=\"column\" data-e-type=\"column\">\n\t\t\t<div class=\"elementor-widget-wrap elementor-element-populated\">\n\t\t\t\t\t\t<div class=\"elementor-element elementor-element-285c924 elementor-widget elementor-widget-heading\" data-id=\"285c924\" data-element_type=\"widget\" data-e-type=\"widget\" data-widget_type=\"heading.default\">\n\t\t\t\t<div class=\"elementor-widget-container\">\n\t\t\t\t\t<h1 class=\"elementor-heading-title elementor-size-default\">About us<\/h1>\t\t\t\t<\/div>\n\t\t\t\t<\/div>\n\t\t\t\t<div class=\"elementor-element elementor-element-312ed02 elementor-widget-divider--view-line elementor-widget elementor-widget-divider\" data-id=\"312ed02\" data-element_type=\"widget\" data-e-type=\"widget\" data-widget_type=\"divider.default\">\n\t\t\t\t<div class=\"elementor-widget-container\">\n\t\t\t\t\t\t\t<div class=\"elementor-divider\">\n\t\t\t<span class=\"elementor-divider-separator\">\n\t\t\t\t\t\t<\/span>\n\t\t<\/div>\n\t\t\t\t\t\t<\/div>\n\t\t\t\t<\/div>\n\t\t\t\t\t<\/div>\n\t\t<\/div>\n\t\t\t\t\t<\/div>\n\t\t<\/section>\n\t\t\t\t<section class=\"elementor-section elementor-top-section elementor-element elementor-element-7c3707c fondo elementor-section-boxed elementor-section-height-default elementor-section-height-default\" data-id=\"7c3707c\" data-element_type=\"section\" data-e-type=\"section\">\n\t\t\t\t\t\t<div class=\"elementor-container elementor-column-gap-default\">\n\t\t\t\t\t<div class=\"elementor-column elementor-col-100 elementor-top-column elementor-element elementor-element-38aa418\" data-id=\"38aa418\" data-element_type=\"column\" data-e-type=\"column\">\n\t\t\t<div class=\"elementor-widget-wrap elementor-element-populated\">\n\t\t\t\t\t\t<div class=\"elementor-element elementor-element-5d8900d elementor-widget elementor-widget-image\" data-id=\"5d8900d\" data-element_type=\"widget\" data-e-type=\"widget\" data-widget_type=\"image.default\">\n\t\t\t\t<div class=\"elementor-widget-container\">\n\t\t\t\t\t\t\t\t\t\t\t\t\t\t\t<img decoding=\"async\" width=\"209\" height=\"90\" src=\"https:\/\/arsaimports.com\/wp-content\/uploads\/2021\/03\/basil-leaf.png\" class=\"attachment-full size-full wp-image-4204\" alt=\"\" \/>\t\t\t\t\t\t\t\t\t\t\t\t\t\t\t<\/div>\n\t\t\t\t<\/div>\n\t\t\t\t\t<\/div>\n\t\t<\/div>\n\t\t\t\t\t<\/div>\n\t\t<\/section>\n\t\t\t\t<section class=\"elementor-section elementor-top-section elementor-element elementor-element-7d33ea6 fondo elementor-section-boxed elementor-section-height-default elementor-section-height-default\" data-id=\"7d33ea6\" data-element_type=\"section\" data-e-type=\"section\">\n\t\t\t\t\t\t<div class=\"elementor-container elementor-column-gap-default\">\n\t\t\t\t\t<div class=\"elementor-column elementor-col-33 elementor-top-column elementor-element elementor-element-19309b8 elementor-hidden-desktop\" data-id=\"19309b8\" data-element_type=\"column\" data-e-type=\"column\">\n\t\t\t<div class=\"elementor-widget-wrap elementor-element-populated\">\n\t\t\t\t\t\t<div class=\"elementor-element elementor-element-7034b78 elementor-widget elementor-widget-image\" data-id=\"7034b78\" data-element_type=\"widget\" data-e-type=\"widget\" data-widget_type=\"image.default\">\n\t\t\t\t<div class=\"elementor-widget-container\">\n\t\t\t\t\t\t\t\t\t\t\t\t\t\t\t<img fetchpriority=\"high\" decoding=\"async\" width=\"1024\" height=\"1024\" src=\"https:\/\/arsaimports.com\/wp-content\/uploads\/2023\/02\/taza-te-menta-1-1024x1024.jpg\" class=\"attachment-large size-large wp-image-5569\" alt=\"\" srcset=\"https:\/\/arsaimports.com\/wp-content\/uploads\/2023\/02\/taza-te-menta-1-1024x1024.jpg 1024w, https:\/\/arsaimports.com\/wp-content\/uploads\/2023\/02\/taza-te-menta-1-300x300.jpg 300w, https:\/\/arsaimports.com\/wp-content\/uploads\/2023\/02\/taza-te-menta-1-100x100.jpg 100w, https:\/\/arsaimports.com\/wp-content\/uploads\/2023\/02\/taza-te-menta-1-600x600.jpg 600w, https:\/\/arsaimports.com\/wp-content\/uploads\/2023\/02\/taza-te-menta-1-150x150.jpg 150w, https:\/\/arsaimports.com\/wp-content\/uploads\/2023\/02\/taza-te-menta-1-768x768.jpg 768w, https:\/\/arsaimports.com\/wp-content\/uploads\/2023\/02\/taza-te-menta-1.jpg 1500w\" sizes=\"(max-width: 1024px) 100vw, 1024px\" \/>\t\t\t\t\t\t\t\t\t\t\t\t\t\t\t<\/div>\n\t\t\t\t<\/div>\n\t\t\t\t\t<\/div>\n\t\t<\/div>\n\t\t\t\t<div class=\"elementor-column elementor-col-33 elementor-top-column elementor-element elementor-element-827726c\" data-id=\"827726c\" data-element_type=\"column\" data-e-type=\"column\">\n\t\t\t<div class=\"elementor-widget-wrap elementor-element-populated\">\n\t\t\t\t\t\t<div class=\"elementor-element elementor-element-d4f8d02 elementor-widget__width-initial elementor-widget elementor-widget-heading\" data-id=\"d4f8d02\" data-element_type=\"widget\" data-e-type=\"widget\" data-widget_type=\"heading.default\">\n\t\t\t\t<div class=\"elementor-widget-container\">\n\t\t\t\t\t<h2 class=\"elementor-heading-title elementor-size-default\">Who are we?\n\n<\/h2>\t\t\t\t<\/div>\n\t\t\t\t<\/div>\n\t\t\t\t<div class=\"elementor-element elementor-element-6a30081 elementor-widget__width-initial elementor-widget elementor-widget-text-editor\" data-id=\"6a30081\" data-element_type=\"widget\" data-e-type=\"widget\" data-widget_type=\"text-editor.default\">\n\t\t\t\t<div class=\"elementor-widget-container\">\n\t\t\t\t\t\t\t\t\t<p><span style=\"font-weight: 400;\">Established in 1999, Arsa Distributing is a company<\/span> family-owned and operated <span style=\"font-weight: 400;\">located in El Paso, Texas<\/span>. We specialize in importing Mexican health products and distributing them throughout the United States. Our aim is to improve the quality of life through medicinal items, wellness and beauty products, natural health products, and dietary supplements. For this reason, we import only the best and most well-known brands from Mexico that have endured over the years and across generations.\u00a0<\/p><p>Our inventory consists of a wide range of natural products for digestion, supplements, infusions, soaps and personal hygiene products, syrups, and more...\u00a0<\/p><p>We have established brands such as Pomada de la Campana, Flanax, Vitacilina, Therbal, and many more that have been part of Mexican families for generations.<\/p><p>We love keeping the tradition of these daily household items alive and helping people reconnect with them!<\/p>\t\t\t\t\t\t\t\t<\/div>\n\t\t\t\t<\/div>\n\t\t\t\t\t<\/div>\n\t\t<\/div>\n\t\t\t\t<div class=\"elementor-column elementor-col-33 elementor-top-column elementor-element elementor-element-ce44ef3 elementor-hidden-tablet elementor-hidden-mobile\" data-id=\"ce44ef3\" data-element_type=\"column\" data-e-type=\"column\">\n\t\t\t<div class=\"elementor-widget-wrap elementor-element-populated\">\n\t\t\t\t\t\t<div class=\"elementor-element elementor-element-e235669 elementor-widget elementor-widget-image\" data-id=\"e235669\" data-element_type=\"widget\" data-e-type=\"widget\" data-widget_type=\"image.default\">\n\t\t\t\t<div class=\"elementor-widget-container\">\n\t\t\t\t\t\t\t\t\t\t\t\t\t\t\t<img fetchpriority=\"high\" decoding=\"async\" width=\"1024\" height=\"1024\" src=\"https:\/\/arsaimports.com\/wp-content\/uploads\/2023\/02\/taza-te-menta-1-1024x1024.jpg\" class=\"attachment-large size-large wp-image-5569\" alt=\"\" srcset=\"https:\/\/arsaimports.com\/wp-content\/uploads\/2023\/02\/taza-te-menta-1-1024x1024.jpg 1024w, https:\/\/arsaimports.com\/wp-content\/uploads\/2023\/02\/taza-te-menta-1-300x300.jpg 300w, https:\/\/arsaimports.com\/wp-content\/uploads\/2023\/02\/taza-te-menta-1-100x100.jpg 100w, https:\/\/arsaimports.com\/wp-content\/uploads\/2023\/02\/taza-te-menta-1-600x600.jpg 600w, https:\/\/arsaimports.com\/wp-content\/uploads\/2023\/02\/taza-te-menta-1-150x150.jpg 150w, https:\/\/arsaimports.com\/wp-content\/uploads\/2023\/02\/taza-te-menta-1-768x768.jpg 768w, https:\/\/arsaimports.com\/wp-content\/uploads\/2023\/02\/taza-te-menta-1.jpg 1500w\" sizes=\"(max-width: 1024px) 100vw, 1024px\" \/>\t\t\t\t\t\t\t\t\t\t\t\t\t\t\t<\/div>\n\t\t\t\t<\/div>\n\t\t\t\t\t<\/div>\n\t\t<\/div>\n\t\t\t\t\t<\/div>\n\t\t<\/section>\n\t\t<div class=\"elementor-element elementor-element-2039d46 elementor-hidden-tablet elementor-hidden-mobile e-flex e-con-boxed e-con e-parent\" data-id=\"2039d46\" data-element_type=\"container\" data-e-type=\"container\" data-settings=\"{&quot;background_background&quot;:&quot;classic&quot;}\">\n\t\t\t\t\t<div class=\"e-con-inner\">\n\t\t<div class=\"elementor-element elementor-element-bb1b616 e-flex e-con-boxed e-con e-child\" data-id=\"bb1b616\" data-element_type=\"container\" data-e-type=\"container\" data-settings=\"{&quot;background_background&quot;:&quot;gradient&quot;}\">\n\t\t\t\t\t<div class=\"e-con-inner\">\n\t\t\t\t<div class=\"elementor-element elementor-element-4a6afce elementor-widget__width-initial elementor-view-default elementor-position-block-start elementor-mobile-position-block-start elementor-widget elementor-widget-icon-box\" data-id=\"4a6afce\" data-element_type=\"widget\" data-e-type=\"widget\" data-widget_type=\"icon-box.default\">\n\t\t\t\t<div class=\"elementor-widget-container\">\n\t\t\t\t\t\t\t<div class=\"elementor-icon-box-wrapper\">\n\n\t\t\t\t\t\t<div class=\"elementor-icon-box-icon\">\n\t\t\t\t<span  class=\"elementor-icon\">\n\t\t\t\t<svg xmlns=\"http:\/\/www.w3.org\/2000\/svg\" id=\"Layer_1\" height=\"512\" viewbox=\"0 0 512 512\" width=\"512\"><path d=\"m294.103 297.626h-76.206c-12.759 0-23.102 10.343-23.102 23.102v23.103h122.41v-23.103c0-12.759-10.343-23.102-23.102-23.102z\"><\/path><path d=\"m393.41 396.933c0-12.759-10.343-23.102-23.102-23.102h-228.615c-12.759 0-23.102 10.343-23.102 23.102v23.103h274.819z\"><\/path><path d=\"m446.512 450.036h-381.024c-12.759 0-23.102 10.343-23.102 23.102 0 12.759 10.343 23.102 23.102 23.102h381.025c12.759 0 23.102-10.343 23.102-23.102 0-12.759-10.344-23.102-23.103-23.102z\"><\/path><path d=\"m186.208 157.259-6.154 59.78c-.547 5.32 1.778 10.528 6.104 13.671 4.327 3.144 9.998 3.745 14.889 1.581l54.953-24.326 54.953 24.326c1.944.861 4.012 1.284 6.07 1.284 3.118 0 6.212-.971 8.818-2.865 4.326-3.143 6.652-8.352 6.104-13.671l-6.154-59.78 40.117-44.747c3.57-3.982 4.75-9.563 3.097-14.648-1.652-5.086-5.887-8.907-11.116-10.03l-58.756-12.621-30.16-51.981c-2.684-4.625-7.626-7.472-12.974-7.472s-10.291 2.847-12.974 7.472l-30.16 51.981-58.756 12.621c-5.229 1.123-9.463 4.944-11.116 10.03s-.473 10.667 3.097 14.648z\"><\/path><path d=\"m74.983 120.022c0-8.284-6.716-15-15-15h-44.983c-8.284 0-15 6.716-15 15s6.716 15 15 15h44.983c8.284 0 15-6.716 15-15z\"><\/path><path d=\"m78.596 166.369-31.545 32.461c-5.773 5.941-5.638 15.438.304 21.211 2.915 2.833 6.685 4.243 10.452 4.243 3.911 0 7.818-1.521 10.759-4.546l31.545-32.461c5.773-5.941 5.638-15.438-.304-21.211-5.941-5.775-15.438-5.638-21.211.303z\"><\/path><path d=\"m78.596 73.674c2.941 3.026 6.848 4.546 10.759 4.546 3.767 0 7.538-1.41 10.452-4.243 5.941-5.773 6.077-15.27.304-21.211l-31.546-32.46c-5.772-5.94-15.27-6.077-21.211-.304s-6.077 15.27-.304 21.211z\"><\/path><path d=\"m497 105.022h-44.983c-8.284 0-15 6.716-15 15s6.716 15 15 15h44.983c8.284 0 15-6.716 15-15s-6.716-15-15-15z\"><\/path><path d=\"m422.646 78.221c3.911 0 7.818-1.52 10.759-4.546l31.545-32.461c5.773-5.941 5.638-15.438-.304-21.211-5.941-5.774-15.438-5.638-21.211.304l-31.545 32.46c-5.773 5.941-5.638 15.437.304 21.211 2.914 2.833 6.684 4.243 10.452 4.243z\"><\/path><path d=\"m443.435 219.737c2.941 3.026 6.848 4.546 10.759 4.546 3.767 0 7.538-1.41 10.452-4.243 5.941-5.773 6.077-15.27.304-21.211l-31.545-32.461c-5.773-5.94-15.27-6.077-21.211-.304s-6.077 15.27-.304 21.211z\"><\/path><\/svg>\t\t\t\t<\/span>\n\t\t\t<\/div>\n\t\t\t\n\t\t\t\t\t\t<div class=\"elementor-icon-box-content\">\n\n\t\t\t\t\t\t\t\t\t<h3 class=\"elementor-icon-box-title\">\n\t\t\t\t\t\t<span  >\n\t\t\t\t\t\t\tOur vision and mission\t\t\t\t\t\t<\/span>\n\t\t\t\t\t<\/h3>\n\t\t\t\t\n\t\t\t\t\n\t\t\t<\/div>\n\t\t\t\n\t\t<\/div>\n\t\t\t\t\t\t<\/div>\n\t\t\t\t<\/div>\n\t\t\t\t<div class=\"elementor-element elementor-element-51746d1 elementor-widget__width-initial elementor-widget elementor-widget-image-box\" data-id=\"51746d1\" data-element_type=\"widget\" data-e-type=\"widget\" data-widget_type=\"image-box.default\">\n\t\t\t\t<div class=\"elementor-widget-container\">\n\t\t\t\t\t<div class=\"elementor-image-box-wrapper\"><div class=\"elementor-image-box-content\"><p class=\"elementor-image-box-description\">We aim to facilitate and distribute quality traditional Mexican products in the United States to improve the health, well-being, and lifestyle of families. We hope to bring these beloved Mexican products to every Hispanic-American household in the United States so that they can access their benefits.<\/p><\/div><\/div>\t\t\t\t<\/div>\n\t\t\t\t<\/div>\n\t\t\t\t\t<\/div>\n\t\t\t\t<\/div>\n\t\t\t\t\t<\/div>\n\t\t\t\t<\/div>\n\t\t<div class=\"elementor-element elementor-element-a83038e elementor-hidden-desktop e-flex e-con-boxed e-con e-parent\" data-id=\"a83038e\" data-element_type=\"container\" data-e-type=\"container\" data-settings=\"{&quot;background_background&quot;:&quot;classic&quot;}\">\n\t\t\t\t\t<div class=\"e-con-inner\">\n\t\t<div class=\"elementor-element elementor-element-4be2fde e-flex e-con-boxed e-con e-child\" data-id=\"4be2fde\" data-element_type=\"container\" data-e-type=\"container\" data-settings=\"{&quot;background_background&quot;:&quot;gradient&quot;}\">\n\t\t\t\t\t<div class=\"e-con-inner\">\n\t\t\t\t<div class=\"elementor-element elementor-element-6dac0b1 elementor-widget__width-initial elementor-view-default elementor-position-block-start elementor-mobile-position-block-start elementor-widget elementor-widget-icon-box\" data-id=\"6dac0b1\" data-element_type=\"widget\" data-e-type=\"widget\" data-widget_type=\"icon-box.default\">\n\t\t\t\t<div class=\"elementor-widget-container\">\n\t\t\t\t\t\t\t<div class=\"elementor-icon-box-wrapper\">\n\n\t\t\t\t\t\t<div class=\"elementor-icon-box-icon\">\n\t\t\t\t<span  class=\"elementor-icon\">\n\t\t\t\t<svg xmlns=\"http:\/\/www.w3.org\/2000\/svg\" id=\"Layer_1\" height=\"512\" viewbox=\"0 0 512 512\" width=\"512\"><path d=\"m294.103 297.626h-76.206c-12.759 0-23.102 10.343-23.102 23.102v23.103h122.41v-23.103c0-12.759-10.343-23.102-23.102-23.102z\"><\/path><path d=\"m393.41 396.933c0-12.759-10.343-23.102-23.102-23.102h-228.615c-12.759 0-23.102 10.343-23.102 23.102v23.103h274.819z\"><\/path><path d=\"m446.512 450.036h-381.024c-12.759 0-23.102 10.343-23.102 23.102 0 12.759 10.343 23.102 23.102 23.102h381.025c12.759 0 23.102-10.343 23.102-23.102 0-12.759-10.344-23.102-23.103-23.102z\"><\/path><path d=\"m186.208 157.259-6.154 59.78c-.547 5.32 1.778 10.528 6.104 13.671 4.327 3.144 9.998 3.745 14.889 1.581l54.953-24.326 54.953 24.326c1.944.861 4.012 1.284 6.07 1.284 3.118 0 6.212-.971 8.818-2.865 4.326-3.143 6.652-8.352 6.104-13.671l-6.154-59.78 40.117-44.747c3.57-3.982 4.75-9.563 3.097-14.648-1.652-5.086-5.887-8.907-11.116-10.03l-58.756-12.621-30.16-51.981c-2.684-4.625-7.626-7.472-12.974-7.472s-10.291 2.847-12.974 7.472l-30.16 51.981-58.756 12.621c-5.229 1.123-9.463 4.944-11.116 10.03s-.473 10.667 3.097 14.648z\"><\/path><path d=\"m74.983 120.022c0-8.284-6.716-15-15-15h-44.983c-8.284 0-15 6.716-15 15s6.716 15 15 15h44.983c8.284 0 15-6.716 15-15z\"><\/path><path d=\"m78.596 166.369-31.545 32.461c-5.773 5.941-5.638 15.438.304 21.211 2.915 2.833 6.685 4.243 10.452 4.243 3.911 0 7.818-1.521 10.759-4.546l31.545-32.461c5.773-5.941 5.638-15.438-.304-21.211-5.941-5.775-15.438-5.638-21.211.303z\"><\/path><path d=\"m78.596 73.674c2.941 3.026 6.848 4.546 10.759 4.546 3.767 0 7.538-1.41 10.452-4.243 5.941-5.773 6.077-15.27.304-21.211l-31.546-32.46c-5.772-5.94-15.27-6.077-21.211-.304s-6.077 15.27-.304 21.211z\"><\/path><path d=\"m497 105.022h-44.983c-8.284 0-15 6.716-15 15s6.716 15 15 15h44.983c8.284 0 15-6.716 15-15s-6.716-15-15-15z\"><\/path><path d=\"m422.646 78.221c3.911 0 7.818-1.52 10.759-4.546l31.545-32.461c5.773-5.941 5.638-15.438-.304-21.211-5.941-5.774-15.438-5.638-21.211.304l-31.545 32.46c-5.773 5.941-5.638 15.437.304 21.211 2.914 2.833 6.684 4.243 10.452 4.243z\"><\/path><path d=\"m443.435 219.737c2.941 3.026 6.848 4.546 10.759 4.546 3.767 0 7.538-1.41 10.452-4.243 5.941-5.773 6.077-15.27.304-21.211l-31.545-32.461c-5.773-5.94-15.27-6.077-21.211-.304s-6.077 15.27-.304 21.211z\"><\/path><\/svg>\t\t\t\t<\/span>\n\t\t\t<\/div>\n\t\t\t\n\t\t\t\t\t\t<div class=\"elementor-icon-box-content\">\n\n\t\t\t\t\t\t\t\t\t<h3 class=\"elementor-icon-box-title\">\n\t\t\t\t\t\t<span  >\n\t\t\t\t\t\t\tOur vision and mission\t\t\t\t\t\t<\/span>\n\t\t\t\t\t<\/h3>\n\t\t\t\t\n\t\t\t\t\n\t\t\t<\/div>\n\t\t\t\n\t\t<\/div>\n\t\t\t\t\t\t<\/div>\n\t\t\t\t<\/div>\n\t\t\t\t<div class=\"elementor-element elementor-element-2285080 elementor-widget__width-initial elementor-widget elementor-widget-image-box\" data-id=\"2285080\" data-element_type=\"widget\" data-e-type=\"widget\" data-widget_type=\"image-box.default\">\n\t\t\t\t<div class=\"elementor-widget-container\">\n\t\t\t\t\t<div class=\"elementor-image-box-wrapper\"><div class=\"elementor-image-box-content\"><p class=\"elementor-image-box-description\">Our aim is to make it easy to access and distribute traditional Mexican products of the highest quality in the United States. By doing so, we hope to improve the lives, health, and lifestyles of people everywhere.\nOur goal is to bring these beloved Mexican products into every Hispanic-American household in the United States, ensuring that everyone has access to their benefits.<\/p><\/div><\/div>\t\t\t\t<\/div>\n\t\t\t\t<\/div>\n\t\t\t\t\t<\/div>\n\t\t\t\t<\/div>\n\t\t\t\t\t<\/div>\n\t\t\t\t<\/div>\n\t\t<div class=\"elementor-element elementor-element-58d8339 e-con-full e-flex e-con e-parent\" data-id=\"58d8339\" data-element_type=\"container\" data-e-type=\"container\" data-settings=\"{&quot;background_background&quot;:&quot;classic&quot;}\">\n\t\t<div class=\"elementor-element elementor-element-ceeb04f e-con-full e-flex e-con e-child\" data-id=\"ceeb04f\" data-element_type=\"container\" data-e-type=\"container\">\n\t\t\t\t<div class=\"elementor-element elementor-element-4d399af elementor-widget elementor-widget-heading\" data-id=\"4d399af\" data-element_type=\"widget\" data-e-type=\"widget\" data-widget_type=\"heading.default\">\n\t\t\t\t<div class=\"elementor-widget-container\">\n\t\t\t\t\t<h2 class=\"elementor-heading-title elementor-size-default\">For further information, please contact us at:\n<\/h2>\t\t\t\t<\/div>\n\t\t\t\t<\/div>\n\t\t\t\t<div class=\"elementor-element elementor-element-4edff79 elementor-widget elementor-widget-heading\" data-id=\"4edff79\" data-element_type=\"widget\" data-e-type=\"widget\" data-widget_type=\"heading.default\">\n\t\t\t\t<div class=\"elementor-widget-container\">\n\t\t\t\t\t<h2 class=\"elementor-heading-title elementor-size-default\"><a href=\"tel:9158429676\">(915) 842-9676<\/a><\/h2>\t\t\t\t<\/div>\n\t\t\t\t<\/div>\n\t\t\t\t<\/div>\n\t\t<div class=\"elementor-element elementor-element-406e2c6 e-con-full e-flex e-con e-child\" data-id=\"406e2c6\" data-element_type=\"container\" data-e-type=\"container\">\n\t\t\t\t<div class=\"elementor-element elementor-element-471dc9a elementor-align-center elementor-widget elementor-widget-button\" data-id=\"471dc9a\" data-element_type=\"widget\" data-e-type=\"widget\" data-widget_type=\"button.default\">\n\t\t\t\t<div class=\"elementor-widget-container\">\n\t\t\t\t\t\t\t\t\t<div class=\"elementor-button-wrapper\">\n\t\t\t\t\t<a class=\"elementor-button elementor-button-link elementor-size-sm\" href=\"https:\/\/arsaimports.com\/en\/contact\/\">\n\t\t\t\t\t\t<span class=\"elementor-button-content-wrapper\">\n\t\t\t\t\t\t<span class=\"elementor-button-icon\">\n\t\t\t\t<i aria-hidden=\"true\" class=\"fas fa-phone-alt\"><\/i>\t\t\t<\/span>\n\t\t\t\t\t\t\t\t\t<span class=\"elementor-button-text\">Contact<\/span>\n\t\t\t\t\t<\/span>\n\t\t\t\t\t<\/a>\n\t\t\t\t<\/div>\n\t\t\t\t\t\t\t\t<\/div>\n\t\t\t\t<\/div>\n\t\t\t\t<\/div>\n\t\t\t\t<\/div>\n\t\t<div class=\"elementor-element elementor-element-3cc0fb0 e-flex e-con-boxed e-con e-parent\" data-id=\"3cc0fb0\" data-element_type=\"container\" data-e-type=\"container\" data-settings=\"{&quot;background_background&quot;:&quot;classic&quot;}\">\n\t\t\t\t\t<div class=\"e-con-inner\">\n\t\t\t\t\t<\/div>\n\t\t\t\t<\/div>\n\t\t\t\t<\/div>","protected":false},"excerpt":{"rendered":"<p>Sobre nosotros \u00bfQuienes somos? Establecido en 1999, Arsa Distributing es una empresa de propiedad y operaci\u00f3n familiar localizada en El Paso, Texas.\u00a0 Nos dedicamos a importar productos para la salud mexicanos y distribuirlos en todos los Estados Unidos. Nuestro inter\u00e9s es mejorar la calidad de vida a trav\u00e9s de art\u00edculos medicinales, productos de bienestar y [&hellip;]<\/p>\n","protected":false},"author":1,"featured_media":0,"parent":0,"menu_order":0,"comment_status":"closed","ping_status":"closed","template":"","meta":{"site-sidebar-layout":"no-sidebar","site-content-layout":"page-builder","ast-site-content-layout":"default","site-content-style":"default","site-sidebar-style":"default","ast-global-header-display":"","ast-banner-title-visibility":"","ast-main-header-display":"","ast-hfb-above-header-display":"","ast-hfb-below-header-display":"","ast-hfb-mobile-header-display":"","site-post-title":"disabled","ast-breadcrumbs-content":"","ast-featured-img":"disabled","footer-sml-layout":"","theme-transparent-header-meta":"enabled","adv-header-id-meta":"","stick-header-meta":"","header-above-stick-meta":"","header-main-stick-meta":"","header-below-stick-meta":"","astra-migrate-meta-layouts":"default","ast-page-background-enabled":"default","ast-page-background-meta":{"desktop":{"background-color":"","background-image":"","background-repeat":"repeat","background-position":"center center","background-size":"auto","background-attachment":"scroll","background-type":"","background-media":"","overlay-type":"","overlay-color":"","overlay-opacity":"","overlay-gradient":""},"tablet":{"background-color":"","background-image":"","background-repeat":"repeat","background-position":"center center","background-size":"auto","background-attachment":"scroll","background-type":"","background-media":"","overlay-type":"","overlay-color":"","overlay-opacity":"","overlay-gradient":""},"mobile":{"background-color":"","background-image":"","background-repeat":"repeat","background-position":"center center","background-size":"auto","background-attachment":"scroll","background-type":"","background-media":"","overlay-type":"","overlay-color":"","overlay-opacity":"","overlay-gradient":""}},"ast-content-background-meta":{"desktop":{"background-color":"var(--ast-global-color-5)","background-image":"","background-repeat":"repeat","background-position":"center center","background-size":"auto","background-attachment":"scroll","background-type":"","background-media":"","overlay-type":"","overlay-color":"","overlay-opacity":"","overlay-gradient":""},"tablet":{"background-color":"var(--ast-global-color-5)","background-image":"","background-repeat":"repeat","background-position":"center center","background-size":"auto","background-attachment":"scroll","background-type":"","background-media":"","overlay-type":"","overlay-color":"","overlay-opacity":"","overlay-gradient":""},"mobile":{"background-color":"var(--ast-global-color-5)","background-image":"","background-repeat":"repeat","background-position":"center center","background-size":"auto","background-attachment":"scroll","background-type":"","background-media":"","overlay-type":"","overlay-color":"","overlay-opacity":"","overlay-gradient":""}},"footnotes":""},"class_list":["post-96","page","type-page","status-publish","hentry"],"_links":{"self":[{"href":"https:\/\/arsaimports.com\/en\/wp-json\/wp\/v2\/pages\/96","targetHints":{"allow":["GET"]}}],"collection":[{"href":"https:\/\/arsaimports.com\/en\/wp-json\/wp\/v2\/pages"}],"about":[{"href":"https:\/\/arsaimports.com\/en\/wp-json\/wp\/v2\/types\/page"}],"author":[{"embeddable":true,"href":"https:\/\/arsaimports.com\/en\/wp-json\/wp\/v2\/users\/1"}],"replies":[{"embeddable":true,"href":"https:\/\/arsaimports.com\/en\/wp-json\/wp\/v2\/comments?post=96"}],"version-history":[{"count":221,"href":"https:\/\/arsaimports.com\/en\/wp-json\/wp\/v2\/pages\/96\/revisions"}],"predecessor-version":[{"id":8846,"href":"https:\/\/arsaimports.com\/en\/wp-json\/wp\/v2\/pages\/96\/revisions\/8846"}],"wp:attachment":[{"href":"https:\/\/arsaimports.com\/en\/wp-json\/wp\/v2\/media?parent=96"}],"curies":[{"name":"wp","href":"https:\/\/api.w.org\/{rel}","templated":true}]}}