{"id":7149,"date":"2023-03-21T09:58:29","date_gmt":"2023-03-21T15:58:29","guid":{"rendered":"https:\/\/arsaimports.com\/product\/antiflu-des\/"},"modified":"2024-01-24T12:13:07","modified_gmt":"2024-01-24T18:13:07","slug":"antiflu-des","status":"publish","type":"product","link":"https:\/\/arsaimports.com\/en\/product\/antiflu-des\/","title":{"rendered":"ANTIFLU-DES"},"content":{"rendered":"<p>Antiflu Des 12 Caps es un tratamiento integral para el resfriado y la gripe, presentando una f\u00f3rmula avanzada en un paquete de 12 c\u00e1psulas. Cada c\u00e1psula est\u00e1 dise\u00f1ada para combatir de manera efectiva los s\u00edntomas m\u00e1s inc\u00f3modos de estas afecciones, incluyendo la fiebre, el dolor de cuerpo, el dolor de cabeza, la congesti\u00f3n nasal, los estornudos y el lagrimeo. Adem\u00e1s, su composici\u00f3n balanceada ayuda a reducir la inflamaci\u00f3n de las v\u00edas respiratorias, facilitando una respiraci\u00f3n m\u00e1s c\u00f3moda y un alivio m\u00e1s r\u00e1pido. Este medicamento es adecuado para llevar en tu botiqu\u00edn de primeros auxilios, garantizando alivio al alcance de tu mano cuando m\u00e1s lo necesitas.<\/p>","protected":false},"excerpt":{"rendered":"<p>Antiflu Des 12 Caps es un tratamiento integral para el resfriado y la gripe, presentando una f\u00f3rmula avanzada en un paquete de 12 c\u00e1psulas. Cada c\u00e1psula est\u00e1 dise\u00f1ada para combatir de manera efectiva los s\u00edntomas m\u00e1s inc\u00f3modos de estas afecciones, incluyendo la fiebre, el dolor de cuerpo, el dolor de cabeza, la congesti\u00f3n nasal, los [&hellip;]<\/p>\n","protected":false},"featured_media":6718,"template":"","meta":{"site-sidebar-layout":"default","site-content-layout":"","ast-site-content-layout":"default","site-content-style":"default","site-sidebar-style":"default","ast-global-header-display":"","ast-banner-title-visibility":"","ast-main-header-display":"","ast-hfb-above-header-display":"","ast-hfb-below-header-display":"","ast-hfb-mobile-header-display":"","site-post-title":"","ast-breadcrumbs-content":"","ast-featured-img":"","footer-sml-layout":"","theme-transparent-header-meta":"default","adv-header-id-meta":"","stick-header-meta":"","header-above-stick-meta":"","header-main-stick-meta":"","header-below-stick-meta":"","astra-migrate-meta-layouts":"set","ast-page-background-enabled":"default","ast-page-background-meta":{"desktop":{"background-color":"","background-image":"","background-repeat":"repeat","background-position":"center center","background-size":"auto","background-attachment":"scroll","background-type":"","background-media":"","overlay-type":"","overlay-color":"","overlay-opacity":"","overlay-gradient":""},"tablet":{"background-color":"","background-image":"","background-repeat":"repeat","background-position":"center center","background-size":"auto","background-attachment":"scroll","background-type":"","background-media":"","overlay-type":"","overlay-color":"","overlay-opacity":"","overlay-gradient":""},"mobile":{"background-color":"","background-image":"","background-repeat":"repeat","background-position":"center center","background-size":"auto","background-attachment":"scroll","background-type":"","background-media":"","overlay-type":"","overlay-color":"","overlay-opacity":"","overlay-gradient":""}},"ast-content-background-meta":{"desktop":{"background-color":"var(--ast-global-color-5)","background-image":"","background-repeat":"repeat","background-position":"center center","background-size":"auto","background-attachment":"scroll","background-type":"","background-media":"","overlay-type":"","overlay-color":"","overlay-opacity":"","overlay-gradient":""},"tablet":{"background-color":"var(--ast-global-color-5)","background-image":"","background-repeat":"repeat","background-position":"center center","background-size":"auto","background-attachment":"scroll","background-type":"","background-media":"","overlay-type":"","overlay-color":"","overlay-opacity":"","overlay-gradient":""},"mobile":{"background-color":"var(--ast-global-color-5)","background-image":"","background-repeat":"repeat","background-position":"center center","background-size":"auto","background-attachment":"scroll","background-type":"","background-media":"","overlay-type":"","overlay-color":"","overlay-opacity":"","overlay-gradient":""}}},"product_brand":[],"product_cat":[212,210],"product_tag":[48],"class_list":{"0":"post-7149","1":"product","2":"type-product","3":"status-publish","4":"has-post-thumbnail","6":"product_cat-gripe","7":"product_cat-medicamentos","8":"product_tag-medicamentos","9":"pa_marca-antifludes","10":"desktop-align-center","11":"tablet-align-center","12":"mobile-align-center","14":"first","15":"instock","16":"purchasable","17":"product-type-simple"},"_links":{"self":[{"href":"https:\/\/arsaimports.com\/en\/wp-json\/wp\/v2\/product\/7149","targetHints":{"allow":["GET"]}}],"collection":[{"href":"https:\/\/arsaimports.com\/en\/wp-json\/wp\/v2\/product"}],"about":[{"href":"https:\/\/arsaimports.com\/en\/wp-json\/wp\/v2\/types\/product"}],"wp:featuredmedia":[{"embeddable":true,"href":"https:\/\/arsaimports.com\/en\/wp-json\/wp\/v2\/media\/6718"}],"wp:attachment":[{"href":"https:\/\/arsaimports.com\/en\/wp-json\/wp\/v2\/media?parent=7149"}],"wp:term":[{"taxonomy":"product_brand","embeddable":true,"href":"https:\/\/arsaimports.com\/en\/wp-json\/wp\/v2\/product_brand?post=7149"},{"taxonomy":"product_cat","embeddable":true,"href":"https:\/\/arsaimports.com\/en\/wp-json\/wp\/v2\/product_cat?post=7149"},{"taxonomy":"product_tag","embeddable":true,"href":"https:\/\/arsaimports.com\/en\/wp-json\/wp\/v2\/product_tag?post=7149"}],"curies":[{"name":"wp","href":"https:\/\/api.w.org\/{rel}","templated":true}]}}