{"id":7160,"date":"2023-03-21T09:58:32","date_gmt":"2023-03-21T15:58:32","guid":{"rendered":"https:\/\/arsaimports.com\/product\/crema-de-dia-tepezcohuite-con-colageno-y-vit-e-60g\/"},"modified":"2024-01-24T13:15:24","modified_gmt":"2024-01-24T19:15:24","slug":"crema-de-tepezcohuite-de-dia-con-colageno-y-vit-e-60g","status":"publish","type":"product","link":"https:\/\/arsaimports.com\/en\/product\/crema-de-tepezcohuite-de-dia-con-colageno-y-vit-e-60g\/","title":{"rendered":"CREMA DE TEPEZCOHUITE DE DIA &#8211; CON COL\u00c1GENO y VIT E 60g"},"content":{"rendered":"<p>La Crema de Tepezcohuite de D\u00eda de con Col\u00e1geno y Vitamina E de 60g es una soluci\u00f3n hidratante y protectora para el cuidado diario de la piel. Esta crema ligera se fusiona con los beneficios del Tepezcohuite, conocido por sus propiedades regenerativas y curativas, proporcionando un impulso rejuvenecedor. El col\u00e1geno en su composici\u00f3n ayuda a mantener la elasticidad y firmeza de la piel, mientras que la Vitamina E act\u00faa como un potente antioxidante, protegiendo contra el da\u00f1o ambiental y los efectos del envejecimiento.<\/p>\n<p>Con un tama\u00f1o pr\u00e1ctico de 60g, esta crema es ideal para ser integrada en la rutina matutina, ofreciendo hidrataci\u00f3n y nutrici\u00f3n para revelar una piel m\u00e1s suave, saludable y radiante durante todo el d\u00eda.<\/p>","protected":false},"excerpt":{"rendered":"<p>La Crema de Tepezcohuite de D\u00eda de con Col\u00e1geno y Vitamina E de 60g es una soluci\u00f3n hidratante y protectora para el cuidado diario de la piel. Esta crema ligera se fusiona con los beneficios del Tepezcohuite, conocido por sus propiedades regenerativas y curativas, proporcionando un impulso rejuvenecedor. El col\u00e1geno en su composici\u00f3n ayuda a [&hellip;]<\/p>\n","protected":false},"featured_media":6768,"template":"","meta":{"site-sidebar-layout":"default","site-content-layout":"default","ast-site-content-layout":"default","site-content-style":"default","site-sidebar-style":"default","ast-global-header-display":"","ast-banner-title-visibility":"","ast-main-header-display":"","ast-hfb-above-header-display":"","ast-hfb-below-header-display":"","ast-hfb-mobile-header-display":"","site-post-title":"","ast-breadcrumbs-content":"","ast-featured-img":"","footer-sml-layout":"","theme-transparent-header-meta":"default","adv-header-id-meta":"","stick-header-meta":"","header-above-stick-meta":"","header-main-stick-meta":"","header-below-stick-meta":"","astra-migrate-meta-layouts":"set","ast-page-background-enabled":"default","ast-page-background-meta":{"desktop":{"background-color":"","background-image":"","background-repeat":"repeat","background-position":"center center","background-size":"auto","background-attachment":"scroll","background-type":"","background-media":"","overlay-type":"","overlay-color":"","overlay-opacity":"","overlay-gradient":""},"tablet":{"background-color":"","background-image":"","background-repeat":"repeat","background-position":"center center","background-size":"auto","background-attachment":"scroll","background-type":"","background-media":"","overlay-type":"","overlay-color":"","overlay-opacity":"","overlay-gradient":""},"mobile":{"background-color":"","background-image":"","background-repeat":"repeat","background-position":"center center","background-size":"auto","background-attachment":"scroll","background-type":"","background-media":"","overlay-type":"","overlay-color":"","overlay-opacity":"","overlay-gradient":""}},"ast-content-background-meta":{"desktop":{"background-color":"var(--ast-global-color-5)","background-image":"","background-repeat":"repeat","background-position":"center center","background-size":"auto","background-attachment":"scroll","background-type":"","background-media":"","overlay-type":"","overlay-color":"","overlay-opacity":"","overlay-gradient":""},"tablet":{"background-color":"var(--ast-global-color-5)","background-image":"","background-repeat":"repeat","background-position":"center center","background-size":"auto","background-attachment":"scroll","background-type":"","background-media":"","overlay-type":"","overlay-color":"","overlay-opacity":"","overlay-gradient":""},"mobile":{"background-color":"var(--ast-global-color-5)","background-image":"","background-repeat":"repeat","background-position":"center center","background-size":"auto","background-attachment":"scroll","background-type":"","background-media":"","overlay-type":"","overlay-color":"","overlay-opacity":"","overlay-gradient":""}}},"product_brand":[],"product_cat":[220,219],"product_tag":[68],"class_list":{"0":"post-7160","1":"product","2":"type-product","3":"status-publish","4":"has-post-thumbnail","6":"product_cat-cremas","7":"product_cat-salud-y-belleza","8":"product_tag-salud-y-belleza","9":"pa_marca-indio-papago","10":"desktop-align-center","11":"tablet-align-center","12":"mobile-align-center","14":"first","15":"instock","16":"taxable","17":"shipping-taxable","18":"purchasable","19":"product-type-simple"},"_links":{"self":[{"href":"https:\/\/arsaimports.com\/en\/wp-json\/wp\/v2\/product\/7160","targetHints":{"allow":["GET"]}}],"collection":[{"href":"https:\/\/arsaimports.com\/en\/wp-json\/wp\/v2\/product"}],"about":[{"href":"https:\/\/arsaimports.com\/en\/wp-json\/wp\/v2\/types\/product"}],"wp:featuredmedia":[{"embeddable":true,"href":"https:\/\/arsaimports.com\/en\/wp-json\/wp\/v2\/media\/6768"}],"wp:attachment":[{"href":"https:\/\/arsaimports.com\/en\/wp-json\/wp\/v2\/media?parent=7160"}],"wp:term":[{"taxonomy":"product_brand","embeddable":true,"href":"https:\/\/arsaimports.com\/en\/wp-json\/wp\/v2\/product_brand?post=7160"},{"taxonomy":"product_cat","embeddable":true,"href":"https:\/\/arsaimports.com\/en\/wp-json\/wp\/v2\/product_cat?post=7160"},{"taxonomy":"product_tag","embeddable":true,"href":"https:\/\/arsaimports.com\/en\/wp-json\/wp\/v2\/product_tag?post=7160"}],"curies":[{"name":"wp","href":"https:\/\/api.w.org\/{rel}","templated":true}]}}