{"id":7183,"date":"2023-03-21T09:58:35","date_gmt":"2023-03-21T15:58:35","guid":{"rendered":"https:\/\/arsaimports.com\/product\/therbal-te-abango\/"},"modified":"2023-04-03T16:59:37","modified_gmt":"2023-04-03T22:59:37","slug":"therbal-te-abango","status":"publish","type":"product","link":"https:\/\/arsaimports.com\/en\/product\/therbal-te-abango\/","title":{"rendered":"THERBAL ABANGO TEA"},"content":{"rendered":"<p>Tea Abango With Propolis 25 Sachets Of Tea, The delicious and warm formula Abango with Propolis is made with a variety of plants in winter, most of wild collection, all the ingredients work in synergy to pamper yourself in those days when you need pampering.<\/p>\n<p> Contains Eucalyptus (Eucalyptus globulus), Mullein (Gnaphalium oxyphyllum), elderflower (Sambucus nigra), Tejocote (Crataegus pubescens), Flor de Ocote (Pinus montezumae), Anacahuite (Cordia sebestena), and Propolis. Caffeine-free, flavoring and no artificial coloring. Ideal for the whole family.<\/p>","protected":false},"excerpt":{"rendered":"<p>Te De Abango Con Propoleo 25 Sobres De T\u00e9 La deliciosa y c\u00e1lida f\u00f3rmula Abango con Prop\u00f3leo est\u00e1 hecha con diversas plantas invernales, la mayor\u00eda de recolecci\u00f3n silvestre, todos los ingredientes trabajan en sinergia para consentirte en esos d\u00edas que necesitas apapacho. Contiene Eucalipto (Eucalyptus globulus), Gordolobo (Gnaphalium oxyphyllum), Flor de Sauco (Sambucus nigra), Tejocote [&hellip;]<\/p>\n","protected":false},"featured_media":6749,"template":"","meta":{"site-sidebar-layout":"default","site-content-layout":"","ast-site-content-layout":"default","site-content-style":"default","site-sidebar-style":"default","ast-global-header-display":"","ast-banner-title-visibility":"","ast-main-header-display":"","ast-hfb-above-header-display":"","ast-hfb-below-header-display":"","ast-hfb-mobile-header-display":"","site-post-title":"","ast-breadcrumbs-content":"","ast-featured-img":"","footer-sml-layout":"","theme-transparent-header-meta":"","adv-header-id-meta":"","stick-header-meta":"","header-above-stick-meta":"","header-main-stick-meta":"","header-below-stick-meta":"","astra-migrate-meta-layouts":"default","ast-page-background-enabled":"default","ast-page-background-meta":{"desktop":{"background-color":"","background-image":"","background-repeat":"repeat","background-position":"center center","background-size":"auto","background-attachment":"scroll","background-type":"","background-media":"","overlay-type":"","overlay-color":"","overlay-opacity":"","overlay-gradient":""},"tablet":{"background-color":"","background-image":"","background-repeat":"repeat","background-position":"center center","background-size":"auto","background-attachment":"scroll","background-type":"","background-media":"","overlay-type":"","overlay-color":"","overlay-opacity":"","overlay-gradient":""},"mobile":{"background-color":"","background-image":"","background-repeat":"repeat","background-position":"center center","background-size":"auto","background-attachment":"scroll","background-type":"","background-media":"","overlay-type":"","overlay-color":"","overlay-opacity":"","overlay-gradient":""}},"ast-content-background-meta":{"desktop":{"background-color":"var(--ast-global-color-5)","background-image":"","background-repeat":"repeat","background-position":"center center","background-size":"auto","background-attachment":"scroll","background-type":"","background-media":"","overlay-type":"","overlay-color":"","overlay-opacity":"","overlay-gradient":""},"tablet":{"background-color":"var(--ast-global-color-5)","background-image":"","background-repeat":"repeat","background-position":"center center","background-size":"auto","background-attachment":"scroll","background-type":"","background-media":"","overlay-type":"","overlay-color":"","overlay-opacity":"","overlay-gradient":""},"mobile":{"background-color":"var(--ast-global-color-5)","background-image":"","background-repeat":"repeat","background-position":"center center","background-size":"auto","background-attachment":"scroll","background-type":"","background-media":"","overlay-type":"","overlay-color":"","overlay-opacity":"","overlay-gradient":""}}},"product_brand":[],"product_cat":[226],"product_tag":[82],"class_list":{"0":"post-7183","1":"product","2":"type-product","3":"status-publish","4":"has-post-thumbnail","6":"product_cat-te","7":"product_tag-te","8":"pa_marca-therbal","9":"desktop-align-center","10":"tablet-align-center","11":"mobile-align-center","13":"first","14":"instock","15":"purchasable","16":"product-type-simple"},"_links":{"self":[{"href":"https:\/\/arsaimports.com\/en\/wp-json\/wp\/v2\/product\/7183","targetHints":{"allow":["GET"]}}],"collection":[{"href":"https:\/\/arsaimports.com\/en\/wp-json\/wp\/v2\/product"}],"about":[{"href":"https:\/\/arsaimports.com\/en\/wp-json\/wp\/v2\/types\/product"}],"wp:featuredmedia":[{"embeddable":true,"href":"https:\/\/arsaimports.com\/en\/wp-json\/wp\/v2\/media\/6749"}],"wp:attachment":[{"href":"https:\/\/arsaimports.com\/en\/wp-json\/wp\/v2\/media?parent=7183"}],"wp:term":[{"taxonomy":"product_brand","embeddable":true,"href":"https:\/\/arsaimports.com\/en\/wp-json\/wp\/v2\/product_brand?post=7183"},{"taxonomy":"product_cat","embeddable":true,"href":"https:\/\/arsaimports.com\/en\/wp-json\/wp\/v2\/product_cat?post=7183"},{"taxonomy":"product_tag","embeddable":true,"href":"https:\/\/arsaimports.com\/en\/wp-json\/wp\/v2\/product_tag?post=7183"}],"curies":[{"name":"wp","href":"https:\/\/api.w.org\/{rel}","templated":true}]}}