{"id":7196,"date":"2023-03-21T09:58:35","date_gmt":"2023-03-21T15:58:35","guid":{"rendered":"https:\/\/arsaimports.com\/product\/therbal-te-manzanilla-con-anis\/"},"modified":"2023-04-03T16:59:39","modified_gmt":"2023-04-03T22:59:39","slug":"therbal-te-manzanilla-con-anis","status":"publish","type":"product","link":"https:\/\/arsaimports.com\/en\/product\/therbal-te-manzanilla-con-anis\/","title":{"rendered":"THERBAL CHAMOMILE WITH ANISE TEA"},"content":{"rendered":"<p>Tea Chamomile With Anise 25 Envelopes Our blend of Chamomile (Matricaria recutita L.) and Anise (Pimpinella anisum)has been copied and never equalled.<\/p>\n<p> Sweet aroma and flavor charming in balance. Enjoy this aromatic infusion at any time of day, either hot or cold.<\/p>\n<p> Caffeine-free, flavoring and no artificial coloring.<\/p>","protected":false},"excerpt":{"rendered":"<p>T\u00e9 Manzanilla Con An\u00eds 25 Sobres Nuestra mezcla de Manzanilla (Matricaria recutita L.) y An\u00eds (Pimpinella anisum)ha sido copiada y nunca igualada. Dulce aroma y sabor encantador en equilibrio. Disfruta de esta arom\u00e1tica infusi\u00f3n a cualquier hora del d\u00eda, ya sea en fr\u00edo o caliente. Libre de cafe\u00edna, saborizantes y colorantes artificiales.<\/p>","protected":false},"featured_media":6646,"template":"","meta":{"site-sidebar-layout":"default","site-content-layout":"","ast-site-content-layout":"default","site-content-style":"default","site-sidebar-style":"default","ast-global-header-display":"","ast-banner-title-visibility":"","ast-main-header-display":"","ast-hfb-above-header-display":"","ast-hfb-below-header-display":"","ast-hfb-mobile-header-display":"","site-post-title":"","ast-breadcrumbs-content":"","ast-featured-img":"","footer-sml-layout":"","theme-transparent-header-meta":"","adv-header-id-meta":"","stick-header-meta":"","header-above-stick-meta":"","header-main-stick-meta":"","header-below-stick-meta":"","astra-migrate-meta-layouts":"default","ast-page-background-enabled":"default","ast-page-background-meta":{"desktop":{"background-color":"","background-image":"","background-repeat":"repeat","background-position":"center center","background-size":"auto","background-attachment":"scroll","background-type":"","background-media":"","overlay-type":"","overlay-color":"","overlay-opacity":"","overlay-gradient":""},"tablet":{"background-color":"","background-image":"","background-repeat":"repeat","background-position":"center center","background-size":"auto","background-attachment":"scroll","background-type":"","background-media":"","overlay-type":"","overlay-color":"","overlay-opacity":"","overlay-gradient":""},"mobile":{"background-color":"","background-image":"","background-repeat":"repeat","background-position":"center center","background-size":"auto","background-attachment":"scroll","background-type":"","background-media":"","overlay-type":"","overlay-color":"","overlay-opacity":"","overlay-gradient":""}},"ast-content-background-meta":{"desktop":{"background-color":"var(--ast-global-color-5)","background-image":"","background-repeat":"repeat","background-position":"center center","background-size":"auto","background-attachment":"scroll","background-type":"","background-media":"","overlay-type":"","overlay-color":"","overlay-opacity":"","overlay-gradient":""},"tablet":{"background-color":"var(--ast-global-color-5)","background-image":"","background-repeat":"repeat","background-position":"center center","background-size":"auto","background-attachment":"scroll","background-type":"","background-media":"","overlay-type":"","overlay-color":"","overlay-opacity":"","overlay-gradient":""},"mobile":{"background-color":"var(--ast-global-color-5)","background-image":"","background-repeat":"repeat","background-position":"center center","background-size":"auto","background-attachment":"scroll","background-type":"","background-media":"","overlay-type":"","overlay-color":"","overlay-opacity":"","overlay-gradient":""}}},"product_brand":[],"product_cat":[226],"product_tag":[82],"class_list":{"0":"post-7196","1":"product","2":"type-product","3":"status-publish","4":"has-post-thumbnail","6":"product_cat-te","7":"product_tag-te","8":"pa_marca-therbal","9":"desktop-align-center","10":"tablet-align-center","11":"mobile-align-center","13":"first","14":"instock","15":"purchasable","16":"product-type-simple"},"_links":{"self":[{"href":"https:\/\/arsaimports.com\/en\/wp-json\/wp\/v2\/product\/7196","targetHints":{"allow":["GET"]}}],"collection":[{"href":"https:\/\/arsaimports.com\/en\/wp-json\/wp\/v2\/product"}],"about":[{"href":"https:\/\/arsaimports.com\/en\/wp-json\/wp\/v2\/types\/product"}],"wp:featuredmedia":[{"embeddable":true,"href":"https:\/\/arsaimports.com\/en\/wp-json\/wp\/v2\/media\/6646"}],"wp:attachment":[{"href":"https:\/\/arsaimports.com\/en\/wp-json\/wp\/v2\/media?parent=7196"}],"wp:term":[{"taxonomy":"product_brand","embeddable":true,"href":"https:\/\/arsaimports.com\/en\/wp-json\/wp\/v2\/product_brand?post=7196"},{"taxonomy":"product_cat","embeddable":true,"href":"https:\/\/arsaimports.com\/en\/wp-json\/wp\/v2\/product_cat?post=7196"},{"taxonomy":"product_tag","embeddable":true,"href":"https:\/\/arsaimports.com\/en\/wp-json\/wp\/v2\/product_tag?post=7196"}],"curies":[{"name":"wp","href":"https:\/\/api.w.org\/{rel}","templated":true}]}}