{"id":7199,"date":"2023-03-21T09:58:38","date_gmt":"2023-03-21T15:58:38","guid":{"rendered":"https:\/\/arsaimports.com\/product\/therbal-te-moringa\/"},"modified":"2023-04-03T16:59:40","modified_gmt":"2023-04-03T22:59:40","slug":"therbal-te-moringa","status":"publish","type":"product","link":"https:\/\/arsaimports.com\/en\/product\/therbal-te-moringa\/","title":{"rendered":"THERBAL MORINGA TEA"},"content":{"rendered":"<p>Tea Moringa 25 Envelopes The Moringa tree is native to India where it is used as food for thousands of years.<\/p>\n<p> This infusion is made with the succulent Leaves of Moringa (Moringa oleifera).<br \/>\n A nice drink for the taste, aroma, fresh and subtle.<\/p>\n<p> Caffeine-free, flavoring and no artificial coloring.<\/p>","protected":false},"excerpt":{"rendered":"<p>T\u00e9 Moringa 25 Sobres El \u00e1rbol de Moringa es originario de la India donde se utiliza como alimento desde hace miles de a\u00f1os. Esta infusi\u00f3n esta hecha con las suculentas Hojas de Moringa (Moringa oleifera). Una bebida agradable al paladar, de aroma fresco y s\u00fatil. Libre de cafe\u00edna, saborizantes y colorantes artificiales.<\/p>","protected":false},"featured_media":6647,"template":"","meta":{"site-sidebar-layout":"default","site-content-layout":"","ast-site-content-layout":"default","site-content-style":"default","site-sidebar-style":"default","ast-global-header-display":"","ast-banner-title-visibility":"","ast-main-header-display":"","ast-hfb-above-header-display":"","ast-hfb-below-header-display":"","ast-hfb-mobile-header-display":"","site-post-title":"","ast-breadcrumbs-content":"","ast-featured-img":"","footer-sml-layout":"","theme-transparent-header-meta":"","adv-header-id-meta":"","stick-header-meta":"","header-above-stick-meta":"","header-main-stick-meta":"","header-below-stick-meta":"","astra-migrate-meta-layouts":"default","ast-page-background-enabled":"default","ast-page-background-meta":{"desktop":{"background-color":"","background-image":"","background-repeat":"repeat","background-position":"center center","background-size":"auto","background-attachment":"scroll","background-type":"","background-media":"","overlay-type":"","overlay-color":"","overlay-opacity":"","overlay-gradient":""},"tablet":{"background-color":"","background-image":"","background-repeat":"repeat","background-position":"center center","background-size":"auto","background-attachment":"scroll","background-type":"","background-media":"","overlay-type":"","overlay-color":"","overlay-opacity":"","overlay-gradient":""},"mobile":{"background-color":"","background-image":"","background-repeat":"repeat","background-position":"center center","background-size":"auto","background-attachment":"scroll","background-type":"","background-media":"","overlay-type":"","overlay-color":"","overlay-opacity":"","overlay-gradient":""}},"ast-content-background-meta":{"desktop":{"background-color":"var(--ast-global-color-5)","background-image":"","background-repeat":"repeat","background-position":"center center","background-size":"auto","background-attachment":"scroll","background-type":"","background-media":"","overlay-type":"","overlay-color":"","overlay-opacity":"","overlay-gradient":""},"tablet":{"background-color":"var(--ast-global-color-5)","background-image":"","background-repeat":"repeat","background-position":"center center","background-size":"auto","background-attachment":"scroll","background-type":"","background-media":"","overlay-type":"","overlay-color":"","overlay-opacity":"","overlay-gradient":""},"mobile":{"background-color":"var(--ast-global-color-5)","background-image":"","background-repeat":"repeat","background-position":"center center","background-size":"auto","background-attachment":"scroll","background-type":"","background-media":"","overlay-type":"","overlay-color":"","overlay-opacity":"","overlay-gradient":""}}},"product_brand":[],"product_cat":[226],"product_tag":[82],"class_list":{"0":"post-7199","1":"product","2":"type-product","3":"status-publish","4":"has-post-thumbnail","6":"product_cat-te","7":"product_tag-te","8":"pa_marca-therbal","9":"desktop-align-center","10":"tablet-align-center","11":"mobile-align-center","13":"first","14":"instock","15":"purchasable","16":"product-type-simple"},"_links":{"self":[{"href":"https:\/\/arsaimports.com\/en\/wp-json\/wp\/v2\/product\/7199","targetHints":{"allow":["GET"]}}],"collection":[{"href":"https:\/\/arsaimports.com\/en\/wp-json\/wp\/v2\/product"}],"about":[{"href":"https:\/\/arsaimports.com\/en\/wp-json\/wp\/v2\/types\/product"}],"wp:featuredmedia":[{"embeddable":true,"href":"https:\/\/arsaimports.com\/en\/wp-json\/wp\/v2\/media\/6647"}],"wp:attachment":[{"href":"https:\/\/arsaimports.com\/en\/wp-json\/wp\/v2\/media?parent=7199"}],"wp:term":[{"taxonomy":"product_brand","embeddable":true,"href":"https:\/\/arsaimports.com\/en\/wp-json\/wp\/v2\/product_brand?post=7199"},{"taxonomy":"product_cat","embeddable":true,"href":"https:\/\/arsaimports.com\/en\/wp-json\/wp\/v2\/product_cat?post=7199"},{"taxonomy":"product_tag","embeddable":true,"href":"https:\/\/arsaimports.com\/en\/wp-json\/wp\/v2\/product_tag?post=7199"}],"curies":[{"name":"wp","href":"https:\/\/api.w.org\/{rel}","templated":true}]}}