{"id":7235,"date":"2023-03-21T09:58:41","date_gmt":"2023-03-21T15:58:41","guid":{"rendered":"https:\/\/arsaimports.com\/product\/vitacilina-1oz\/"},"modified":"2023-12-14T14:53:18","modified_gmt":"2023-12-14T20:53:18","slug":"vitacilina-1oz","status":"publish","type":"product","link":"https:\/\/arsaimports.com\/en\/product\/vitacilina-1oz\/","title":{"rendered":"VITACILINA 1oz"},"content":{"rendered":"<h2>Vitacilina Neomycin Sulfate Ointment 1 oz For Burns, Cuts, Scrapes On The Skin<\/h2>\n<p>Descubre el poder curativo de <strong>Vitacilina Neomicina Sulfato<\/strong>, un ung\u00fcento de alta calidad en presentaci\u00f3n de 1 oz, ideal para el cuidado de la piel. Especialmente formulado para tratar eficazmente quemaduras, cortaduras y raspones, este ung\u00fcento es un indispensable en tu botiqu\u00edn de primeros auxilios. Su ingrediente activo, la neomicina, es conocido por su capacidad para prevenir infecciones en la piel lesionada, ayudando a una r\u00e1pida y segura recuperaci\u00f3n.<\/p>\n<p>La textura suave y f\u00e1cil de aplicar de Vitacilina Neomicina Sulfato asegura una cobertura completa de la zona afectada, proporcionando un alivio inmediato y favoreciendo el proceso de cicatrizaci\u00f3n. Este producto es adecuado para uso en adultos y ni\u00f1os, convirti\u00e9ndolo en una soluci\u00f3n vers\u00e1til para toda la familia. Mant\u00e9n tu piel protegida y acelera su recuperaci\u00f3n con Vitacilina Neomicina Sulfato, un ung\u00fcento confiable para las lesiones cut\u00e1neas comunes.<\/p>","protected":false},"excerpt":{"rendered":"<p>Vitacilina Neomicina Sulfato Unguento 1 oz Para Quemaduras, Cortaduras, Raspones En La Piel Descubre el poder curativo de Vitacilina Neomicina Sulfato, un ung\u00fcento de alta calidad en presentaci\u00f3n de 1 oz, ideal para el cuidado de la piel. Especialmente formulado para tratar eficazmente quemaduras, cortaduras y raspones, este ung\u00fcento es un indispensable en tu botiqu\u00edn [&hellip;]<\/p>\n","protected":false},"featured_media":6687,"template":"","meta":{"site-sidebar-layout":"default","site-content-layout":"default","ast-site-content-layout":"default","site-content-style":"default","site-sidebar-style":"default","ast-global-header-display":"","ast-banner-title-visibility":"","ast-main-header-display":"","ast-hfb-above-header-display":"","ast-hfb-below-header-display":"","ast-hfb-mobile-header-display":"","site-post-title":"","ast-breadcrumbs-content":"","ast-featured-img":"","footer-sml-layout":"","theme-transparent-header-meta":"default","adv-header-id-meta":"","stick-header-meta":"","header-above-stick-meta":"","header-main-stick-meta":"","header-below-stick-meta":"","astra-migrate-meta-layouts":"set","ast-page-background-enabled":"default","ast-page-background-meta":{"desktop":{"background-color":"","background-image":"","background-repeat":"repeat","background-position":"center center","background-size":"auto","background-attachment":"scroll","background-type":"","background-media":"","overlay-type":"","overlay-color":"","overlay-opacity":"","overlay-gradient":""},"tablet":{"background-color":"","background-image":"","background-repeat":"repeat","background-position":"center center","background-size":"auto","background-attachment":"scroll","background-type":"","background-media":"","overlay-type":"","overlay-color":"","overlay-opacity":"","overlay-gradient":""},"mobile":{"background-color":"","background-image":"","background-repeat":"repeat","background-position":"center center","background-size":"auto","background-attachment":"scroll","background-type":"","background-media":"","overlay-type":"","overlay-color":"","overlay-opacity":"","overlay-gradient":""}},"ast-content-background-meta":{"desktop":{"background-color":"var(--ast-global-color-5)","background-image":"","background-repeat":"repeat","background-position":"center center","background-size":"auto","background-attachment":"scroll","background-type":"","background-media":"","overlay-type":"","overlay-color":"","overlay-opacity":"","overlay-gradient":""},"tablet":{"background-color":"var(--ast-global-color-5)","background-image":"","background-repeat":"repeat","background-position":"center center","background-size":"auto","background-attachment":"scroll","background-type":"","background-media":"","overlay-type":"","overlay-color":"","overlay-opacity":"","overlay-gradient":""},"mobile":{"background-color":"var(--ast-global-color-5)","background-image":"","background-repeat":"repeat","background-position":"center center","background-size":"auto","background-attachment":"scroll","background-type":"","background-media":"","overlay-type":"","overlay-color":"","overlay-opacity":"","overlay-gradient":""}}},"product_brand":[],"product_cat":[210,223],"product_tag":[48],"class_list":{"0":"post-7235","1":"product","2":"type-product","3":"status-publish","4":"has-post-thumbnail","6":"product_cat-medicamentos","7":"product_cat-primeros-auxilios","8":"product_tag-medicamentos","9":"pa_marca-vitacilina","10":"desktop-align-center","11":"tablet-align-center","12":"mobile-align-center","14":"first","15":"instock","16":"purchasable","17":"product-type-simple"},"_links":{"self":[{"href":"https:\/\/arsaimports.com\/en\/wp-json\/wp\/v2\/product\/7235","targetHints":{"allow":["GET"]}}],"collection":[{"href":"https:\/\/arsaimports.com\/en\/wp-json\/wp\/v2\/product"}],"about":[{"href":"https:\/\/arsaimports.com\/en\/wp-json\/wp\/v2\/types\/product"}],"wp:featuredmedia":[{"embeddable":true,"href":"https:\/\/arsaimports.com\/en\/wp-json\/wp\/v2\/media\/6687"}],"wp:attachment":[{"href":"https:\/\/arsaimports.com\/en\/wp-json\/wp\/v2\/media?parent=7235"}],"wp:term":[{"taxonomy":"product_brand","embeddable":true,"href":"https:\/\/arsaimports.com\/en\/wp-json\/wp\/v2\/product_brand?post=7235"},{"taxonomy":"product_cat","embeddable":true,"href":"https:\/\/arsaimports.com\/en\/wp-json\/wp\/v2\/product_cat?post=7235"},{"taxonomy":"product_tag","embeddable":true,"href":"https:\/\/arsaimports.com\/en\/wp-json\/wp\/v2\/product_tag?post=7235"}],"curies":[{"name":"wp","href":"https:\/\/api.w.org\/{rel}","templated":true}]}}