{"id":7299,"date":"2023-03-21T09:58:52","date_gmt":"2023-03-21T15:58:52","guid":{"rendered":"https:\/\/arsaimports.com\/product\/crema-de-noche-tepezcohuite-con-colageno-y-vitamina-e-120g\/"},"modified":"2024-01-24T13:03:34","modified_gmt":"2024-01-24T19:03:34","slug":"crema-de-tepezcohuite-de-noche-con-colageno-y-vitamina-e-120g","status":"publish","type":"product","link":"https:\/\/arsaimports.com\/en\/product\/crema-de-tepezcohuite-de-noche-con-colageno-y-vitamina-e-120g\/","title":{"rendered":"CREMA DE TEPEZCOHUITE DE NOCHE &#8211;  CON COLAGENO y VITAMINA E 120g"},"content":{"rendered":"<p>La Crema de Tepezcohuite de Noche, con Col\u00e1geno y Vitamina E de 120g, es un producto revitalizante para el cuidado de la piel. Su f\u00f3rmula \u00fanica combina el poder regenerativo del Tepezcohuite, conocido por sus propiedades curativas y rejuvenecedoras, con el col\u00e1geno, esencial para mantener la elasticidad y firmeza de la piel. Adem\u00e1s, incluye Vitamina E, un antioxidante clave para combatir el da\u00f1o causado por los radicales libres.<\/p>\n<p>Ideal para uso nocturno, esta crema nutre e hidrata intensamente, promoviendo una piel m\u00e1s suave, lisa y radiante. Con un peso de 120g, es perfecta para una rutina de belleza diaria.<\/p>","protected":false},"excerpt":{"rendered":"<p>La Crema de Tepezcohuite de Noche, con Col\u00e1geno y Vitamina E de 120g, es un producto revitalizante para el cuidado de la piel. Su f\u00f3rmula \u00fanica combina el poder regenerativo del Tepezcohuite, conocido por sus propiedades curativas y rejuvenecedoras, con el col\u00e1geno, esencial para mantener la elasticidad y firmeza de la piel. Adem\u00e1s, incluye Vitamina [&hellip;]<\/p>\n","protected":false},"featured_media":6770,"template":"","meta":{"site-sidebar-layout":"default","site-content-layout":"default","ast-site-content-layout":"default","site-content-style":"default","site-sidebar-style":"default","ast-global-header-display":"","ast-banner-title-visibility":"","ast-main-header-display":"","ast-hfb-above-header-display":"","ast-hfb-below-header-display":"","ast-hfb-mobile-header-display":"","site-post-title":"","ast-breadcrumbs-content":"","ast-featured-img":"","footer-sml-layout":"","theme-transparent-header-meta":"default","adv-header-id-meta":"","stick-header-meta":"","header-above-stick-meta":"","header-main-stick-meta":"","header-below-stick-meta":"","astra-migrate-meta-layouts":"set","ast-page-background-enabled":"default","ast-page-background-meta":{"desktop":{"background-color":"","background-image":"","background-repeat":"repeat","background-position":"center center","background-size":"auto","background-attachment":"scroll","background-type":"","background-media":"","overlay-type":"","overlay-color":"","overlay-opacity":"","overlay-gradient":""},"tablet":{"background-color":"","background-image":"","background-repeat":"repeat","background-position":"center center","background-size":"auto","background-attachment":"scroll","background-type":"","background-media":"","overlay-type":"","overlay-color":"","overlay-opacity":"","overlay-gradient":""},"mobile":{"background-color":"","background-image":"","background-repeat":"repeat","background-position":"center center","background-size":"auto","background-attachment":"scroll","background-type":"","background-media":"","overlay-type":"","overlay-color":"","overlay-opacity":"","overlay-gradient":""}},"ast-content-background-meta":{"desktop":{"background-color":"var(--ast-global-color-5)","background-image":"","background-repeat":"repeat","background-position":"center center","background-size":"auto","background-attachment":"scroll","background-type":"","background-media":"","overlay-type":"","overlay-color":"","overlay-opacity":"","overlay-gradient":""},"tablet":{"background-color":"var(--ast-global-color-5)","background-image":"","background-repeat":"repeat","background-position":"center center","background-size":"auto","background-attachment":"scroll","background-type":"","background-media":"","overlay-type":"","overlay-color":"","overlay-opacity":"","overlay-gradient":""},"mobile":{"background-color":"var(--ast-global-color-5)","background-image":"","background-repeat":"repeat","background-position":"center center","background-size":"auto","background-attachment":"scroll","background-type":"","background-media":"","overlay-type":"","overlay-color":"","overlay-opacity":"","overlay-gradient":""}}},"product_brand":[],"product_cat":[220,219],"product_tag":[68],"class_list":{"0":"post-7299","1":"product","2":"type-product","3":"status-publish","4":"has-post-thumbnail","6":"product_cat-cremas","7":"product_cat-salud-y-belleza","8":"product_tag-salud-y-belleza","9":"pa_marca-indio-papago","10":"desktop-align-center","11":"tablet-align-center","12":"mobile-align-center","14":"first","15":"instock","16":"taxable","17":"shipping-taxable","18":"purchasable","19":"product-type-simple"},"_links":{"self":[{"href":"https:\/\/arsaimports.com\/en\/wp-json\/wp\/v2\/product\/7299","targetHints":{"allow":["GET"]}}],"collection":[{"href":"https:\/\/arsaimports.com\/en\/wp-json\/wp\/v2\/product"}],"about":[{"href":"https:\/\/arsaimports.com\/en\/wp-json\/wp\/v2\/types\/product"}],"wp:featuredmedia":[{"embeddable":true,"href":"https:\/\/arsaimports.com\/en\/wp-json\/wp\/v2\/media\/6770"}],"wp:attachment":[{"href":"https:\/\/arsaimports.com\/en\/wp-json\/wp\/v2\/media?parent=7299"}],"wp:term":[{"taxonomy":"product_brand","embeddable":true,"href":"https:\/\/arsaimports.com\/en\/wp-json\/wp\/v2\/product_brand?post=7299"},{"taxonomy":"product_cat","embeddable":true,"href":"https:\/\/arsaimports.com\/en\/wp-json\/wp\/v2\/product_cat?post=7299"},{"taxonomy":"product_tag","embeddable":true,"href":"https:\/\/arsaimports.com\/en\/wp-json\/wp\/v2\/product_tag?post=7299"}],"curies":[{"name":"wp","href":"https:\/\/api.w.org\/{rel}","templated":true}]}}